{"id":59,"date":"2020-03-09T01:56:57","date_gmt":"2020-03-08T22:56:57","guid":{"rendered":"http:\/\/susma24.com\/en\/?page_id=59"},"modified":"2025-06-04T15:26:40","modified_gmt":"2025-06-04T12:26:40","slug":"publications","status":"publish","type":"page","link":"https:\/\/susma24.com\/en\/index.php\/publications\/","title":{"rendered":"Publications"},"content":{"rendered":"<div>\n<h3><\/h3>\n<h3 style=\"text-align: center;\">January 2024 &#8211; December 2024<\/h3>\n<h3><a href=\"https:\/\/susma24.com\/en\/wp-content\/uploads\/2025\/06\/Jan-Dec_2024_monitoring_report.pdf\"><img loading=\"lazy\" decoding=\"async\" class=\"size-medium wp-image-1495 aligncenter\" src=\"https:\/\/susma24.com\/en\/wp-content\/uploads\/2025\/06\/Speak_Up_Jan-Dec-221x300.jpg\" alt=\"\" width=\"221\" height=\"300\" srcset=\"https:\/\/susma24.com\/en\/wp-content\/uploads\/2025\/06\/Speak_Up_Jan-Dec-221x300.jpg 221w, https:\/\/susma24.com\/en\/wp-content\/uploads\/2025\/06\/Speak_Up_Jan-Dec-755x1024.jpg 755w, https:\/\/susma24.com\/en\/wp-content\/uploads\/2025\/06\/Speak_Up_Jan-Dec-768x1042.jpg 768w, https:\/\/susma24.com\/en\/wp-content\/uploads\/2025\/06\/Speak_Up_Jan-Dec.jpg 904w\" sizes=\"auto, (max-width: 221px) 100vw, 221px\" \/><\/a><\/h3>\n<\/div>\n<p>&nbsp;<\/p>\n<h3 style=\"text-align: center;\">Universal Periodic Review (UPR)<\/h3>\n<p style=\"text-align: center;\"><span style=\"font-size: 14pt;\"><strong>2025<\/strong><\/span><\/p>\n<p><a href=\"https:\/\/susma24.com\/en\/wp-content\/uploads\/2025\/06\/Joint-Submission-to-the-UPR-of-Turkiye-presented-by-P24-and-Freemuse.pdf\"><img loading=\"lazy\" decoding=\"async\" class=\"size-medium wp-image-1498 aligncenter\" src=\"https:\/\/susma24.com\/en\/wp-content\/uploads\/2025\/06\/UPR-234x300.png\" alt=\"\" width=\"234\" height=\"300\" srcset=\"https:\/\/susma24.com\/en\/wp-content\/uploads\/2025\/06\/UPR-234x300.png 234w, https:\/\/susma24.com\/en\/wp-content\/uploads\/2025\/06\/UPR-800x1024.png 800w, https:\/\/susma24.com\/en\/wp-content\/uploads\/2025\/06\/UPR-768x983.png 768w, https:\/\/susma24.com\/en\/wp-content\/uploads\/2025\/06\/UPR-1200x1536.png 1200w, https:\/\/susma24.com\/en\/wp-content\/uploads\/2025\/06\/UPR-1600x2048.png 1600w, https:\/\/susma24.com\/en\/wp-content\/uploads\/2025\/06\/UPR.png 1828w\" sizes=\"auto, (max-width: 234px) 100vw, 234px\" \/><\/a><\/p>\n<p>&nbsp;<\/p>\n<div>\n<h3 style=\"text-align: center;\"><span style=\"font-size: 14pt;\">January 2023 \u2013 December 2023<\/span><\/h3>\n<p><a href=\"https:\/\/susma24.com\/en\/wp-content\/uploads\/2025\/06\/Speak_up_Jan-Dec_2023.pdf\"><img loading=\"lazy\" decoding=\"async\" class=\"size-medium wp-image-1203 aligncenter\" src=\"https:\/\/susma24.com\/en\/wp-content\/uploads\/2024\/04\/Susma-Ocak-Aralik-2023-ENG-internet-228x300.jpg\" alt=\"\" width=\"228\" height=\"300\" srcset=\"https:\/\/susma24.com\/en\/wp-content\/uploads\/2024\/04\/Susma-Ocak-Aralik-2023-ENG-internet-228x300.jpg 228w, https:\/\/susma24.com\/en\/wp-content\/uploads\/2024\/04\/Susma-Ocak-Aralik-2023-ENG-internet-780x1024.jpg 780w, https:\/\/susma24.com\/en\/wp-content\/uploads\/2024\/04\/Susma-Ocak-Aralik-2023-ENG-internet-768x1009.jpg 768w, https:\/\/susma24.com\/en\/wp-content\/uploads\/2024\/04\/Susma-Ocak-Aralik-2023-ENG-internet-1170x1536.jpg 1170w, https:\/\/susma24.com\/en\/wp-content\/uploads\/2024\/04\/Susma-Ocak-Aralik-2023-ENG-internet.jpg 1500w\" sizes=\"auto, (max-width: 228px) 100vw, 228px\" \/><\/a><\/div>\n<div style=\"text-align: center;\">\n<h3 style=\"text-align: center;\">EEAS Presentation &#8211; May 16, 2022<\/h3>\n<h3 style=\"text-align: center;\"><span style=\"font-size: 16px;\"><a href=\"https:\/\/s3.fr-par.scw.cloud\/fra-susma24-\/2022\/06\/EEAS-Presentation-May162022.pdf\" target=\"_blank\" rel=\"noopener\"><img loading=\"lazy\" decoding=\"async\" class=\"wp-image-900 size-medium aligncenter\" src=\"https:\/\/s3.fr-par.scw.cloud\/fra-susma24-\/2022\/06\/EEAS-Presentation-May162022-232x300.jpg\" alt=\"\" width=\"232\" height=\"300\" srcset=\"https:\/\/susma24.com\/en\/wp-content\/uploads\/2022\/06\/EEAS-Presentation-May162022-232x300.jpg 232w, https:\/\/susma24.com\/en\/wp-content\/uploads\/2022\/06\/EEAS-Presentation-May162022-791x1024.jpg 791w, https:\/\/susma24.com\/en\/wp-content\/uploads\/2022\/06\/EEAS-Presentation-May162022-768x994.jpg 768w, https:\/\/susma24.com\/en\/wp-content\/uploads\/2022\/06\/EEAS-Presentation-May162022-1187x1536.jpg 1187w, https:\/\/susma24.com\/en\/wp-content\/uploads\/2022\/06\/EEAS-Presentation-May162022.jpg 1275w\" sizes=\"auto, (max-width: 232px) 100vw, 232px\" \/><\/a><\/span><\/h3>\n<p>&nbsp;<\/p>\n<h3 style=\"text-align: center;\"><span style=\"font-size: 14pt;\">January 2021 \u2013 December 2021<\/span><\/h3>\n<\/div>\n<div>\n<div style=\"text-align: center;\">\n<h3><a href=\"https:\/\/susma24.com\/\/wp-content\/uploads\/2022\/03\/Speak-Up-Censorship-and-Selfcensorship-in-Turkey-2021.pdf\"><img loading=\"lazy\" decoding=\"async\" class=\"aligncenter size-medium wp-image-18685\" src=\"https:\/\/susma24.com\/\/wp-content\/uploads\/2022\/03\/Speak-Up-Censorship-and-Selfcensorship-in-Turkey-2021-1_pages-to-jpg-0001-221x300.jpg\" sizes=\"auto, (max-width: 221px) 100vw, 221px\" srcset=\"https:\/\/susma24.com\/\/wp-content\/uploads\/2022\/03\/Speak-Up-Censorship-and-Selfcensorship-in-Turkey-2021-1_pages-to-jpg-0001-221x300.jpg 221w, https:\/\/susma24.com\/\/wp-content\/uploads\/2022\/03\/Speak-Up-Censorship-and-Selfcensorship-in-Turkey-2021-1_pages-to-jpg-0001-755x1024.jpg 755w, https:\/\/susma24.com\/wp-content\/uploads\/2022\/03\/Speak-Up-Censorship-and-Selfcensorship-in-Turkey-2021-1_pages-to-jpg-0001-768x1042.jpg 768w, https:\/\/susma24.com\/\/wp-content\/uploads\/2022\/03\/Speak-Up-Censorship-and-Selfcensorship-in-Turkey-2021-1_pages-to-jpg-0001.jpg 904w\" alt=\"\" width=\"221\" height=\"300\" \/><\/a><\/h3>\n<h3 style=\"text-align: center;\">Ocak 2021 \u2013 Aral\u0131k 2021<\/h3>\n<p><a href=\"https:\/\/susma24.com\/\/wp-content\/uploads\/2022\/02\/Turkiyede-Sansur-ve-Otosansur-2021-TR.pdf\"><img loading=\"lazy\" decoding=\"async\" class=\"size-full wp-image-18367 aligncenter\" src=\"https:\/\/susma24.com\/\/wp-content\/uploads\/2022\/02\/Webp.net-resizeimage.jpg\" alt=\"\" width=\"221\" height=\"300\" \/><\/a><\/p>\n<\/div>\n<div style=\"text-align: center;\">\n<h3>Aral\u0131k 2019 \u2013 Aral\u0131k 2020 \/ December 2019 \u2013 December 2020<\/h3>\n<p><a href=\"https:\/\/susma24.com\/wp-content\/uploads\/2021\/02\/Susma-Platformu_-Turkiyede-Sansur-ve-Otosansur_-Aralik-2019_-2020.pdf\"><img loading=\"lazy\" decoding=\"async\" class=\"wp-image-14184 size-medium aligncenter\" src=\"https:\/\/susma24.com\/\/wp-content\/uploads\/2021\/02\/Susma-Platformu_-Turkiyede-Sansur-ve-Otosansur_-Aralik-2019_-2020-001-221x300.jpg\" sizes=\"auto, (max-width: 221px) 100vw, 221px\" srcset=\"https:\/\/susma24.com\/\/wp-content\/uploads\/2021\/02\/Susma-Platformu_-Turkiyede-Sansur-ve-Otosansur_-Aralik-2019_-2020-001-221x300.jpg 221w, https:\/\/susma24.com\/\/wp-content\/uploads\/2021\/02\/Susma-Platformu_-Turkiyede-Sansur-ve-Otosansur_-Aralik-2019_-2020-001-755x1024.jpg 755w, https:\/\/susma24.com\/\/wp-content\/uploads\/2021\/02\/Susma-Platformu_-Turkiyede-Sansur-ve-Otosansur_-Aralik-2019_-2020-001-768x1041.jpg 768w, https:\/\/susma24.com\/\/wp-content\/uploads\/2021\/02\/Susma-Platformu_-Turkiyede-Sansur-ve-Otosansur_-Aralik-2019_-2020-001-1133x1536.jpg 1133w, https:\/\/susma24.com\/\/wp-content\/uploads\/2021\/02\/Susma-Platformu_-Turkiyede-Sansur-ve-Otosansur_-Aralik-2019_-2020-001.jpg 1205w\" alt=\"\" width=\"221\" height=\"300\" \/><\/a><\/p>\n<p><a href=\"https:\/\/susma24.com\/wp-content\/uploads\/2021\/04\/Censorship-and-Self-Censorship-in-Turkey-December-2019-December-2020.pdf\"><img loading=\"lazy\" decoding=\"async\" class=\"wp-image-15241 size-medium aligncenter\" src=\"https:\/\/susma24.com\/\/wp-content\/uploads\/2021\/04\/aa-1-221x300.jpg\" sizes=\"auto, (max-width: 221px) 100vw, 221px\" srcset=\"https:\/\/susma24.com\/\/wp-content\/uploads\/2021\/04\/aa-1-221x300.jpg 221w, https:\/\/susma24.com\/\/wp-content\/uploads\/2021\/04\/aa-1-755x1024.jpg 755w, https:\/\/susma24.com\/\/wp-content\/uploads\/2021\/04\/aa-1-768x1041.jpg 768w, https:\/\/susma24.com\/\/wp-content\/uploads\/2021\/04\/aa-1-1133x1536.jpg 1133w, https:\/\/susma24.com\/\/wp-content\/uploads\/2021\/04\/aa-1.jpg 1205w\" alt=\"\" width=\"221\" height=\"300\" \/><\/a><\/p>\n<\/div>\n<div style=\"text-align: center;\">\n<h3>UPR (Universal Periodic Review) (EP\u0130) K\u00fclt\u00fcrel ve Sanatsal \u0130fade \u00d6zg\u00fcrl\u00fc\u011f\u00fc Raporu (Ocak\/ January 2020)<\/h3>\n<p><a href=\"http:\/\/susma24.com\/wp-content\/uploads\/2020\/01\/P24-Freemuse-2019-UPR-Submission.pdf\"><img loading=\"lazy\" decoding=\"async\" class=\"wp-image-7547 aligncenter\" src=\"https:\/\/susma24.com\/\/wp-content\/uploads\/2020\/01\/P24-Freemuse-2019-UPR-Submission-212x300.jpg\" alt=\"\" width=\"226\" height=\"322\" \/><\/a><\/p>\n<p><img loading=\"lazy\" decoding=\"async\" class=\"wp-image-7548 aligncenter\" src=\"https:\/\/susma24.com\/\/wp-content\/uploads\/2020\/01\/SUSMA-JOINT-UPR-SUBMISSION-TURKEY-2020-page-001-232x300.jpg\" sizes=\"auto, (max-width: 233px) 100vw, 233px\" srcset=\"https:\/\/susma24.com\/\/wp-content\/uploads\/2020\/01\/SUSMA-JOINT-UPR-SUBMISSION-TURKEY-2020-page-001-232x300.jpg 232w, https:\/\/susma24.com\/\/wp-content\/uploads\/2020\/01\/SUSMA-JOINT-UPR-SUBMISSION-TURKEY-2020-page-001-768x994.jpg 768w, https:\/\/susma24.com\/\/wp-content\/uploads\/2020\/01\/SUSMA-JOINT-UPR-SUBMISSION-TURKEY-2020-page-001-791x1024.jpg 791w, https:\/\/susma24.com\/\/wp-content\/uploads\/2020\/01\/SUSMA-JOINT-UPR-SUBMISSION-TURKEY-2020-page-001.jpg 1275w\" alt=\"\" width=\"233\" height=\"301\" \/><\/p>\n<\/div>\n<div style=\"text-align: center;\">\n<h3>Ocak 2019 \u2013 Kas\u0131m 2019 \/ January 2019 \u2013 November 2019<\/h3>\n<\/div>\n<p style=\"text-align: center;\"><a href=\"https:\/\/susma24.com\/wp-content\/uploads\/2020\/10\/Turkiyede-Sansur-ve-Otosansur-2019.pdf\"><img loading=\"lazy\" decoding=\"async\" class=\"wp-image-7016 aligncenter\" src=\"https:\/\/susma24.com\/\/wp-content\/uploads\/2019\/12\/rsz_susma_rapor_sonnn-3-1-233x300.jpg\" alt=\"\" width=\"230\" height=\"296\" \/><\/a><a href=\"https:\/\/susma24.com\/wp-content\/uploads\/2020\/10\/Censorship-and-Self-Censorship-in-Turkey-2019.pdf\"><img loading=\"lazy\" decoding=\"async\" class=\"wp-image-7015 aligncenter\" src=\"https:\/\/susma24.com\/\/wp-content\/uploads\/2019\/12\/rsz_susma_rapor_sonnn-1-1-233x300.jpg\" alt=\"\" width=\"215\" height=\"278\" \/><\/a><\/p>\n<div style=\"text-align: center;\">\n<h3>\u00a0Aral\u0131k 2017 \u2013 Aral\u0131k 2018 \/ December 2017 \u2013 December 2018<\/h3>\n<p><a href=\"https:\/\/susma24.com\/wp-content\/uploads\/2020\/10\/Turkiyede-Sansur-ve-Otosansur-2018-1.pdf\" target=\"_blank\" rel=\"noopener noreferrer\"><img loading=\"lazy\" decoding=\"async\" class=\"wp-image-5231 size-medium aligncenter\" src=\"https:\/\/susma24.com\/wp-content\/uploads\/2019\/06\/susmarapor_tr_kapak-233x300.jpg\" sizes=\"auto, (max-width: 233px) 100vw, 233px\" srcset=\"https:\/\/susma24.com\/\/wp-content\/uploads\/2019\/06\/susmarapor_tr_kapak-233x300.jpg 233w, https:\/\/susma24.com\/\/wp-content\/uploads\/2019\/06\/susmarapor_tr_kapak-768x987.jpg 768w, https:\/\/susma24.com\/\/wp-content\/uploads\/2019\/06\/susmarapor_tr_kapak-797x1024.jpg 797w, https:\/\/susma24.com\/\/wp-content\/uploads\/2019\/06\/susmarapor_tr_kapak.jpg 800w\" alt=\"susmarapor_tr_kapak\" width=\"233\" height=\"300\" \/><\/a><\/p>\n<p>&nbsp;<\/p>\n<p>&nbsp;<\/p>\n<p>&nbsp;<\/p>\n<p><a href=\"https:\/\/susma24.com\/wp-content\/uploads\/2020\/10\/Censorship-and-Self-Censorship-in-Turkey-2018.pdf\" target=\"_blank\" rel=\"noopener noreferrer\"><img loading=\"lazy\" decoding=\"async\" class=\"alignnone wp-image-5230 size-medium\" src=\"https:\/\/susma24.com\/wp-content\/uploads\/2019\/06\/susmarapor_eng_kapak-233x300.jpg\" sizes=\"auto, (max-width: 233px) 100vw, 233px\" srcset=\"https:\/\/susma24.com\/\/wp-content\/uploads\/2019\/06\/susmarapor_eng_kapak-233x300.jpg 233w, https:\/\/susma24.com\/\/wp-content\/uploads\/2019\/06\/susmarapor_eng_kapak-768x988.jpg 768w, https:\/\/susma24.com\/\/wp-content\/uploads\/2019\/06\/susmarapor_eng_kapak-796x1024.jpg 796w, https:\/\/susma24.com\/\/wp-content\/uploads\/2019\/06\/susmarapor_eng_kapak.jpg 800w\" alt=\"susmarapor_eng_kapak\" width=\"233\" height=\"300\" \/><\/a><\/p>\n<\/div>\n<div style=\"text-align: center;\">\n<h3>September\u00a02016 \u2013 December 2017 \/ Eyl\u00fcl\u00a02016 \u2013 Aral\u0131k 2017<\/h3>\n<p>&nbsp;<\/p>\n<\/div>\n<p style=\"text-align: center;\"><a href=\"http:\/\/susma24.com\/wp-content\/uploads\/2019\/07\/Tu_rkiye_de_Sansu_r_-ve_Otosansur_ENG.pdf\" target=\"_blank\" rel=\"noopener noreferrer\"><img loading=\"lazy\" decoding=\"async\" class=\"wp-image-5230 alignright\" src=\"https:\/\/susma24.com\/\/wp-content\/uploads\/2019\/06\/susmarapor_eng_kapak-233x300.jpg\" sizes=\"auto, (max-width: 235px) 100vw, 235px\" srcset=\"https:\/\/susma24.com\/\/wp-content\/uploads\/2019\/06\/susmarapor_eng_kapak-233x300.jpg 233w, https:\/\/susma24.com\/\/wp-content\/uploads\/2019\/06\/susmarapor_eng_kapak-768x988.jpg 768w, https:\/\/susma24.com\/\/wp-content\/uploads\/2019\/06\/susmarapor_eng_kapak-796x1024.jpg 796w, https:\/\/susma24.com\/\/wp-content\/uploads\/2019\/06\/susmarapor_eng_kapak.jpg 800w\" alt=\"susmarapor_eng_kapak\" width=\"235\" height=\"303\" \/><\/a><\/p>\n<p style=\"text-align: center;\"><a href=\"http:\/\/susma24.com\/wp-content\/uploads\/2019\/07\/Tu_rkiye_de_Sansu_r_-ve_Otosansur_TR.pdf\" target=\"_blank\" rel=\"noopener noreferrer\"><img loading=\"lazy\" decoding=\"async\" class=\"size-medium wp-image-5231 alignleft\" src=\"https:\/\/susma24.com\/\/wp-content\/uploads\/2019\/06\/susmarapor_tr_kapak-233x300.jpg\" sizes=\"auto, (max-width: 233px) 100vw, 233px\" srcset=\"https:\/\/susma24.com\/\/wp-content\/uploads\/2019\/06\/susmarapor_tr_kapak-233x300.jpg 233w, https:\/\/susma24.com\/\/wp-content\/uploads\/2019\/06\/susmarapor_tr_kapak-768x987.jpg 768w, https:\/\/susma24.com\/\/wp-content\/uploads\/2019\/06\/susmarapor_tr_kapak-797x1024.jpg 797w, https:\/\/susma24.com\/\/wp-content\/uploads\/2019\/06\/susmarapor_tr_kapak.jpg 800w\" alt=\"susmarapor_tr_kapak\" width=\"233\" height=\"300\" \/><\/a><\/p>\n<p><a href=\"http:\/\/susma24.com\/wp-content\/uploads\/2019\/07\/Tu_rkiye_de_Sansu_r_-ve_Otosansur_ENG.pdf\" target=\"_blank\" rel=\"noopener noreferrer\"><img loading=\"lazy\" decoding=\"async\" class=\"size-medium wp-image-5230\" style=\"float: left; margin-right: 10px;\" src=\"http:\/\/susma24.com\/wp-content\/uploads\/2019\/07\/susmarapor_en_kapak_2016_2017.png\" alt=\"susmarapor_eng_kapak\" width=\"233\" height=\"300\" \/><\/a><a href=\"http:\/\/susma24.com\/wp-content\/uploads\/2019\/07\/Tu_rkiye_de_Sansu_r_-ve_Otosansur_TR.pdf\" target=\"_blank\" rel=\"noopener noreferrer\"><img loading=\"lazy\" decoding=\"async\" class=\"size-medium wp-image-5231 aligncenter\" src=\"http:\/\/susma24.com\/wp-content\/uploads\/2019\/07\/susmarapor_tr_kapak_2016_2017.png\" alt=\"susmarapor_tr_kapak\" width=\"233\" height=\"300\" \/><\/a><\/p>\n<\/div>\n","protected":false},"excerpt":{"rendered":"<p>January 2024 &#8211; December 2024 &nbsp; Universal Periodic Review (UPR) 2025 &nbsp; January 2023 \u2013 December 2023 EEAS Presentation &#8211; May 16, 2022 &nbsp; January&#8230;<\/p>\n","protected":false},"author":1,"featured_media":0,"parent":0,"menu_order":0,"comment_status":"closed","ping_status":"closed","template":"","meta":{"footnotes":""},"class_list":["post-59","page","type-page","status-publish","hentry"],"_links":{"self":[{"href":"https:\/\/susma24.com\/en\/index.php\/wp-json\/wp\/v2\/pages\/59","targetHints":{"allow":["GET"]}}],"collection":[{"href":"https:\/\/susma24.com\/en\/index.php\/wp-json\/wp\/v2\/pages"}],"about":[{"href":"https:\/\/susma24.com\/en\/index.php\/wp-json\/wp\/v2\/types\/page"}],"author":[{"embeddable":true,"href":"https:\/\/susma24.com\/en\/index.php\/wp-json\/wp\/v2\/users\/1"}],"replies":[{"embeddable":true,"href":"https:\/\/susma24.com\/en\/index.php\/wp-json\/wp\/v2\/comments?post=59"}],"version-history":[{"count":19,"href":"https:\/\/susma24.com\/en\/index.php\/wp-json\/wp\/v2\/pages\/59\/revisions"}],"predecessor-version":[{"id":1503,"href":"https:\/\/susma24.com\/en\/index.php\/wp-json\/wp\/v2\/pages\/59\/revisions\/1503"}],"wp:attachment":[{"href":"https:\/\/susma24.com\/en\/index.php\/wp-json\/wp\/v2\/media?parent=59"}],"curies":[{"name":"wp","href":"https:\/\/api.w.org\/{rel}","templated":true}]}}