{"id":25,"date":"2020-03-03T02:35:53","date_gmt":"2020-03-02T23:35:53","guid":{"rendered":"http:\/\/susma24.com\/en\/?page_id=25"},"modified":"2021-07-12T14:12:50","modified_gmt":"2021-07-12T11:12:50","slug":"members","status":"publish","type":"page","link":"https:\/\/susma24.com\/en\/index.php\/members\/","title":{"rendered":"Members"},"content":{"rendered":"<p>Journalists, writers, publishers, artists and their organizations who take sides for freedom of expression against censorship and self-censorship can join the Speak Up Platform. Speak Up Platform is open to all who want to support the freedom of expression and power of civil society in Turkey to develop and advocate for freedom of expression. As a participant of the platform, you can participate in our work on violations of freedom of expression, join our network to express your comments and suggestions about our work at the network meetings we organize annually. Please fill in the form below to become a participant.<\/p>\n<p><a href=\"http:\/\/acikradyo.com.tr\/\">A\u00e7\u0131k Radyo<\/a><\/p>\n<p><a href=\"https:\/\/sinehisar.com\/\">Akhisar Sinema Derne\u011fi<\/a><\/p>\n<p><a href=\"https:\/\/www.altyazi.net\/\">Altyaz\u0131 Sinema Derne\u011fi<\/a><\/p>\n<p><a href=\"https:\/\/www.facebook.com\/SanoyaBajeryaAmede\/?ref=br_rs\">Amed \u015eehir Tiyatrosu<\/a><\/p>\n<p><a href=\"https:\/\/www.facebook.com\/anadolumuzikkulturleri\/\">Anadolu M\u00fczik K\u00fclt\u00fcrleri Derne\u011fi<\/a><\/p>\n<p><a href=\"https:\/\/ast.com.tr\/\">Ankara Sanat Tiyatrosu<\/a><\/p>\n<div class=\"css-1dbjc4n r-1awozwy r-xoduu5 r-18u37iz r-dnmrzs\"><a href=\"https:\/\/twitter.com\/Antiyap06?ref_src=twsrc%5Egoogle%7Ctwcamp%5Eserp%7Ctwgr%5Eauthor\"><span class=\"css-901oao css-16my406 css-bfa6kz r-18jsvk2 r-poiln3 r-1vr29t4 r-bcqeeo r-1udh08x r-3s2u2q r-qvutc0\"><span class=\"css-901oao css-16my406 r-poiln3 r-bcqeeo r-qvutc0\">Ankara Tiyatro Yap\u0131mc\u0131lar\u0131 Derne\u011fi (AnTiYap)<\/span><\/span><\/a><\/div>\n<div><\/div>\n<div><a href=\"https:\/\/www.instagram.com\/apeironcollective\/\">Apeiron Collective<\/a><\/div>\n<div><\/div>\n<div><a href=\"http:\/\/www.aramyayinevi.net\/\">Aram Yay\u0131nlar\u0131<\/a><\/div>\n<p><a href=\"https:\/\/argonotlar.com\/\">Argonotlar<\/a><\/p>\n<p><a href=\"http:\/\/artfairankara.com\/\">Art Ankara Sanat Kolektifi<\/a><\/p>\n<p><a href=\"https:\/\/www.facebook.com\/aramizdader\/\">Aram\u0131zda Toplumsal Cinsiyet Ara\u015ft\u0131rmalar\u0131 Derne\u011fi<\/a><\/p>\n<p><a href=\"https:\/\/artitv.tv\/\">Art\u0131 TV<\/a><\/p>\n<p><a href=\"https:\/\/www.article19.org\/\">Article 19<\/a><\/p>\n<p><a href=\"http:\/\/avayayinlari-httpava.blogspot.com\/\">Ava Yay\u0131nlar\u0131<\/a><\/p>\n<p><a href=\"http:\/\/www.avestakitap.com\/\">Avesta Yay\u0131nlar\u0131<\/a><\/p>\n<p>Bat\u0131kent Yeni Ya\u015fam Derne\u011fi<\/p>\n<p><a href=\"https:\/\/www.facebook.com\/Batman-Bahar-K%C3%BClt%C3%BCr-Merkezi-352414708203134\/\">Batman Bahar K\u00fclt\u00fcr Merkezi<\/a><\/p>\n<p><a href=\"https:\/\/www.facebook.com\/bir.arada.39?__tn__=%2CdCH-R-R&amp;eid=ARDFVRrm3IdpvteTtli8CaRZKVIar4drbIJeMphUsCtN3_mlzkada1l_ePR9e5ehewUp5tMrzjTg1XKo&amp;hc_ref=ARQI6AA_Gc5HN0GS___xh_CXxXjeuhPAVwMPX9lQRvdbDXj5XPnc1K4D1hRVen1WTBI&amp;fref=nf\">Birarada Bilim, Sanat, E\u011fitim, Ara\u015ft\u0131rma ve Dayan\u0131\u015fma Derne\u011fi<\/a><\/p>\n<p><a href=\"https:\/\/www.facebook.com\/biseyanlaticam\/\">Bi\u2019\u015fey Anlat\u0131cam\u00a0<\/a><\/p>\n<p><a href=\"https:\/\/www.facebook.com\/bizkitapyayin\/\">Biz Kitap<\/a><\/p>\n<p><a href=\"https:\/\/www.facebook.com\/bordobina\/\">Bordo Bina<\/a><\/p>\n<p><a href=\"https:\/\/www.cermodern.org\/\">Cer Modern<\/a><\/p>\n<p><a href=\"https:\/\/twitter.com\/casod1992\">\u00c7a\u011fda\u015f Sinema Oyuncular\u0131 Derne\u011fi (\u00c7ASOD)<\/a><\/p>\n<p><a href=\"https:\/\/www.instagram.com\/demo.lab\/\">Demo lab.<\/a><\/p>\n<p><a href=\"http:\/\/www.depoistanbul.net\/\">Depo \u0130stanbul<\/a><\/p>\n<p><a href=\"http:\/\/www.diyarbakirsanat.org\/\">Diyarbak\u0131r Sanat Merkezi<\/a><\/p>\n<p><a href=\"http:\/\/www.dipnotkitap.com\/\">Dipnot Yay\u0131nlar\u0131<\/a><\/p>\n<p><a href=\"http:\/\/www.documentarist.org\/\">Documentarist<\/a><\/p>\n<p>Duru\u015f Haber<\/p>\n<p><a href=\"http:\/\/duvarakarsitiyatro.org\/\">Duvara Kar\u015f\u0131 Tiyatro<\/a><\/p>\n<p><a href=\"https:\/\/www.egedebirgun.com\/\">Ege\u2019de Birg\u00fcn<\/a><\/p>\n<p><a href=\"http:\/\/www.evrenselbasim.com\/\">Evrensel Bas\u0131m Yay\u0131n<\/a><\/p>\n<p><a href=\"https:\/\/www.instagram.com\/flaneurinisiyatif\/\">Flaneur \u0130nisiyatif<\/a><\/p>\n<p><a href=\"https:\/\/www.fugamundi.org\/\">fugamundi<\/a><\/p>\n<p><a href=\"http:\/\/www.gazeteduvar.com.tr\/\">Gazete Duvar<\/a><\/p>\n<p><a href=\"http:\/\/www.gazetemustehak.com\/\">Gazete M\u00fcstehak<\/a><\/p>\n<p><a href=\"http:\/\/www.gazetesolfasol.com\/\">Gazete Solfasol<\/a><\/p>\n<p><a href=\"http:\/\/www.hihff.org\/2019\/home.html\">Hangi \u0130nsan Haklar\u0131 Film Festivali<\/a><\/p>\n<p><a href=\"https:\/\/heytbefanzin.tumblr.com\/\">Heyt! be Fanzin<\/a><\/p>\n<p><a href=\"https:\/\/www.izgazete.net\/\">\u0130z Gazete<\/a><\/p>\n<p><a href=\"https:\/\/www.izgazete.net\/\">\u0130z Dergi<\/a><\/p>\n<p><a href=\"http:\/\/izmirbti.com\/\">\u0130zmir Ba\u011f\u0131ms\u0131z Tiyatrolar \u0130nisiyatifi<\/a><\/p>\n<p><a href=\"fb:\/\/page\/447496508771200?ti=as\">\u0130zmir K\u00fclt\u00fcr Platformu Giri\u015fimi\u00a0<\/a><\/p>\n<p><a href=\"https:\/\/www.instagram.com\/izmir_muzisyenler_dernegi\/\">\u0130zmir M\u00fczisyenler Derne\u011fi<\/a><\/p>\n<p><a href=\"https:\/\/www.izoleproject.com\/\">\u0130zole<\/a><\/p>\n<p><a href=\"https:\/\/www.facebook.com\/Jinha21\/\">Jinha<\/a><\/p>\n<p><a href=\"http:\/\/www.ajansjj.com\/\">J&amp;J Yay\u0131nevi\u00a0<\/a><\/p>\n<p><a href=\"http:\/\/t24.com.tr\/k24\/\">K24 Kitap K\u00fclt\u00fcr Kritik Sitesi<\/a><\/p>\n<p><a href=\"https:\/\/www.kaosgl.org\/\">Kaos GL<\/a><\/p>\n<p><a href=\"https:\/\/www.kadikoytheatron.org\/\">Kad\u0131k\u00f6y Theatron<\/a><\/p>\n<p><a href=\"http:\/\/www.kadinyazarlardernegi.org\/\">Kad\u0131n Yazarlar Derne\u011fi<\/a><\/p>\n<p><a href=\"https:\/\/www.facebook.com\/KameraSokak\/\">Kamera Sokak<\/a><\/p>\n<p><a href=\"http:\/\/www.karsi.com\/\">Kar\u015f\u0131 Sanat \u00c7al\u0131\u015fmalar\u0131<\/a><\/p>\n<p><a href=\"http:\/\/kiraathane.com.tr\/\">K\u0131raathane \u0130stanbul Edebiyat Evi<\/a><\/p>\n<p><a href=\"https:\/\/www.facebook.com\/kocaelilgbtinsiyatifi\">Kocaeli LGBT\u0130+ \u0130nisiyatifi<\/a><\/p>\n<p><a href=\"https:\/\/www.instagram.com\/kolektifiz35\/\">kolektif\u0130Z\u00a0<\/a><\/p>\n<p><a href=\"https:\/\/www.koliartspace.com\/\">KOL\u0130 Art Space<\/a><\/p>\n<p><a href=\"https:\/\/korsanparti.com\/\">Korsan Parti Hareketi<\/a><\/p>\n<p><a href=\"https:\/\/www.kulturagi.com\/\">K\u00fclt\u00fcr A\u011f\u0131<\/a><\/p>\n<p><a href=\"https:\/\/www.instagram.com\/kulturelmirasvekent\/\">K\u00fclt\u00fcrel Miras ve Kent B\u00fclteni<\/a><\/p>\n<p><a href=\"https:\/\/leylisanat.org\/\">Leyli Sanat Derne\u011fi<\/a><\/p>\n<p><a href=\"http:\/\/wesanenlisyayinlari.com\/\">Lis Yay\u0131nlar\u0131<\/a><\/p>\n<p><a href=\"https:\/\/www.instagram.com\/merkezkacsanat\/\">Merkezka\u00e7 Sanat Kolektifi<\/a><\/p>\n<p><a href=\"https:\/\/www.facebook.com\/mezopotamyasinema\/\">Mezopotamya Sinema<\/a><\/p>\n<p><a href=\"https:\/\/www.facebook.com\/Modern-Zamanlar-Sinema-Dergisi-124011484371455\/\">Modern Zamanlar Sinema Dergisi<\/a><\/p>\n<p><a href=\"https:\/\/www.instagram.com\/mordemsanat\">Mordem Sanat<\/a><\/p>\n<p><a href=\"http:\/\/muammalgbti.org\/\">Muamma LGBT\u0130+ E\u011fitim, Ara\u015ft\u0131rma ve Dayan\u0131\u015fma Derne\u011fi<\/a><\/p>\n<p><a href=\"https:\/\/www.instagram.com\/narsanat.antep\/?igshid=1lmhqh4iyaf2f\">Nar Sanat Derne\u011fi \u2013 Gaziantep<\/a><\/p>\n<p><a href=\"https:\/\/www.instagram.com\/no238_\/?utm_medium=copy_link\">No 238 Ba\u011f\u0131ms\u0131z Sanat \u0130nisiyatifi<\/a><\/p>\n<p><a href=\"https:\/\/www.facebook.com\/odtuet\/\">ODT\u00dc Edebiyat Toplulu\u011fu<\/a><\/p>\n<p><a href=\"https:\/\/www.facebook.com\/odtununmedyasi\/\">ODT\u00dc Medya Toplulu\u011fu<\/a><\/p>\n<p><a href=\"http:\/\/www.ortadogunews.com\/\">Ortado\u011fu News<\/a><\/p>\n<p><a href=\"https:\/\/tr-tr.facebook.com\/OrtadoguSinemaAkademisi\/\">Ortado\u011fu Sinema Akademisi Derne\u011fi<\/a><\/p>\n<p><a href=\"http:\/\/www.ortaformat.org\/\">Orta Format<\/a><\/p>\n<p><a href=\"https:\/\/oyuncularsendikasi.org\/\">Oyuncular Sendikas\u0131<\/a><\/p>\n<p><a href=\"http:\/\/ozguruz1.org\/\">#\u00d6ZG\u00dcR\u00dcZ<\/a><\/p>\n<p><a href=\"https:\/\/www.facebook.com\/%C3%96zg%C3%BCr-Medya-Platformu-784601111613659\/\">\u00d6zg\u00fcr Medya Platformu<\/a><\/p>\n<p><a href=\"http:\/\/www.pembehayat.org\/\">Pembe Hayat<\/a><\/p>\n<p><a href=\"http:\/\/pressinarrest.com\/\">Press in Arrest<\/a><\/p>\n<p><a href=\"http:\/\/www.propagandayayinlari.net\/\">Propaganda Yay\u0131nlar\u0131<\/a><\/p>\n<p><a href=\"http:\/\/platform24.org\/\">P24 Ba\u011f\u0131ms\u0131z Gazetecilik Derne\u011fi<\/a><\/p>\n<p><a href=\"https:\/\/www.facebook.com\/lgbtadana\">Queer Adana<\/a><\/p>\n<p><a href=\"https:\/\/www.instagram.com\/notrubberhammer\/\">Rubber Hammer<\/a><\/p>\n<p><a href=\"https:\/\/www.saridenizalti.com\/\">Sar\u0131 Denizalt\u0131<\/a><\/p>\n<p><a href=\"http:\/\/www.selyayincilik.com\/\">Sel Yay\u0131nc\u0131l\u0131k<\/a><\/p>\n<p><a href=\"http:\/\/www.siyahbant.org\/\">Siyah Bant<\/a><\/p>\n<p><a href=\"https:\/\/www.facebook.com\/seyrimesel\/\">Seyr-i Mesel Tiyatrosu<\/a><\/p>\n<p><a href=\"https:\/\/www.facebook.com\/seyrisokak2\/\">Seyri Sokak<\/a><\/p>\n<p><a href=\"http:\/\/www.sirenyayinlari.com\/\">Siren Yay\u0131nlar\u0131<\/a><\/p>\n<p><a href=\"http:\/\/www.siyahpembe.org\/\">Siyah Pembe \u00dc\u00e7gen<\/a><\/p>\n<p><a href=\"https:\/\/www.facebook.com\/Sokak-Sanat%C3%A7%C4%B1lar%C4%B1-Derne%C4%9Fi-455223054947610\/\">Sokak Sanat\u00e7\u0131lar\u0131 Derne\u011fi\u00a0<\/a><\/p>\n<p><a href=\"http:\/\/www.spod.org.tr\/\">SPoD<\/a><\/p>\n<p><a href=\"https:\/\/www.sermolaperformans.com\/\">\u015eermola Performans<\/a><\/p>\n<p><a href=\"http:\/\/www.teatrajiyananu.com\/\">Teatra Jiyana N\u00fb<\/a><\/p>\n<p><a href=\"https:\/\/instagram.com\/throughthewindow_project?utm_medium=copy_link\">Through The Window Project<\/a><\/p>\n<p><a href=\"http:\/\/tiyatroevi.com.tr\/\">Tiyatroevi<\/a><\/p>\n<p><a href=\"https:\/\/www.facebook.com\/tiyatroflanor\/\">Tiyatro Flan\u00f6r<\/a><\/p>\n<p><a href=\"http:\/\/www.tiyatro4.com\/\">Tiyatro 4\u00a0<\/a><\/p>\n<p><a href=\"http:\/\/www.tiyatrokalemi.com\/\">Tiyatro Kalemi<\/a><\/p>\n<p><a href=\"https:\/\/www.instagram.com\/tiyatromahal\/\">Tiyatro Mahal<\/a><\/p>\n<p><a href=\"https:\/\/www.tiyatroterminal.com\/tr\">Tiyatro Terminal<\/a><\/p>\n<p><a href=\"http:\/\/t24.com.tr\/\">T24<\/a><\/p>\n<p><a href=\"http:\/\/ucansupurge.org.tr\/\">U\u00e7an S\u00fcp\u00fcrge Vakf\u0131<\/a><\/p>\n<p><a href=\"http:\/\/www.vegaste.com\/\">VEGASTE<\/a><\/p>\n<p><a href=\"http:\/\/www.versuskitap.com\/\">Versus<\/a>\u00a0&amp;\u00a0<a href=\"https:\/\/www.facebook.com\/Aylakkitapyayinlari\/\">Aylak Kitap<\/a><\/p>\n<p><a href=\"http:\/\/vicdaniret.org\/\">Vicdani Ret Derne\u011fi<\/a><\/p>\n<p><a href=\"https:\/\/www.facebook.com\/yasambellekozgurluk\/?fref=ts\">Ya\u015fam Bellek \u00d6zg\u00fcrl\u00fck Derne\u011fi<\/a><\/p>\n<p><a href=\"https:\/\/www.facebook.com\/yenikapitiyatro\/\">Yenikap\u0131 Tiyatrosu<\/a><\/p>\n<p><a href=\"http:\/\/yenifilm.net\/\">Yeni Film<\/a><\/p>\n<p><a href=\"http:\/\/yolcutiyatro.com\/\">Yolcu Tiyatro<\/a><\/p>\n<p><a href=\"http:\/\/yuksekoda.org\/\">Y\u00fcksek Oda<\/a><\/p>\n<p><a href=\"https:\/\/stoppages.gitlab.io\/\">Web of Stoppages<\/a><\/p>\n<p><a href=\"http:\/\/1habervar.com\/\">1 Haber Var Platformu<\/a><\/p>\n<div role=\"form\" class=\"wpcf7\" id=\"wpcf7-f432-o1\" lang=\"en-US\" dir=\"ltr\">\n<div class=\"screen-reader-response\"><p role=\"status\" aria-live=\"polite\" aria-atomic=\"true\"><\/p> <ul><\/ul><\/div>\n<form action=\"\/en\/index.php\/wp-json\/wp\/v2\/pages\/25#wpcf7-f432-o1\" method=\"post\" class=\"wpcf7-form init\" novalidate=\"novalidate\" data-status=\"init\">\n<div style=\"display: none;\">\n<input type=\"hidden\" name=\"_wpcf7\" value=\"432\" \/>\n<input type=\"hidden\" name=\"_wpcf7_version\" value=\"5.4.2\" \/>\n<input type=\"hidden\" name=\"_wpcf7_locale\" value=\"en_US\" \/>\n<input type=\"hidden\" name=\"_wpcf7_unit_tag\" value=\"wpcf7-f432-o1\" \/>\n<input type=\"hidden\" name=\"_wpcf7_container_post\" value=\"0\" \/>\n<input type=\"hidden\" name=\"_wpcf7_posted_data_hash\" value=\"\" \/>\n<\/div>\n<p><label> Your name<br \/>\n    <span class=\"wpcf7-form-control-wrap your-name\"><input type=\"text\" name=\"your-name\" value=\"\" size=\"40\" class=\"wpcf7-form-control wpcf7-text wpcf7-validates-as-required\" aria-required=\"true\" aria-invalid=\"false\" \/><\/span> <\/label><\/p>\n<p><label> Your email<br \/>\n    <span class=\"wpcf7-form-control-wrap your-email\"><input type=\"email\" name=\"your-email\" value=\"\" size=\"40\" class=\"wpcf7-form-control wpcf7-text wpcf7-email wpcf7-validates-as-required wpcf7-validates-as-email\" aria-required=\"true\" aria-invalid=\"false\" \/><\/span> <\/label><\/p>\n<p><label> Subject<br \/>\n    <span class=\"wpcf7-form-control-wrap your-subject\"><input type=\"text\" name=\"your-subject\" value=\"\" size=\"40\" class=\"wpcf7-form-control wpcf7-text wpcf7-validates-as-required\" aria-required=\"true\" aria-invalid=\"false\" \/><\/span> <\/label><\/p>\n<p><label> Your message<br \/>\n    <span class=\"wpcf7-form-control-wrap your-message\"><textarea name=\"your-message\" cols=\"40\" rows=\"10\" class=\"wpcf7-form-control wpcf7-textarea\" aria-invalid=\"false\"><\/textarea><\/span> <\/label><\/p>\n<p><input type=\"submit\" value=\"Submit\" class=\"wpcf7-form-control wpcf7-submit\" \/><\/p>\n<div class=\"wpcf7-response-output\" aria-hidden=\"true\"><\/div><\/form><\/div>\n<p>&nbsp;<\/p>\n","protected":false},"excerpt":{"rendered":"<p>Journalists, writers, publishers, artists and their organizations who take sides for freedom of expression against censorship and self-censorship can join the Speak Up Platform. Speak&#8230;<\/p>\n","protected":false},"author":1,"featured_media":0,"parent":0,"menu_order":0,"comment_status":"closed","ping_status":"closed","template":"","meta":{"footnotes":""},"class_list":["post-25","page","type-page","status-publish","hentry"],"_links":{"self":[{"href":"https:\/\/susma24.com\/en\/index.php\/wp-json\/wp\/v2\/pages\/25","targetHints":{"allow":["GET"]}}],"collection":[{"href":"https:\/\/susma24.com\/en\/index.php\/wp-json\/wp\/v2\/pages"}],"about":[{"href":"https:\/\/susma24.com\/en\/index.php\/wp-json\/wp\/v2\/types\/page"}],"author":[{"embeddable":true,"href":"https:\/\/susma24.com\/en\/index.php\/wp-json\/wp\/v2\/users\/1"}],"replies":[{"embeddable":true,"href":"https:\/\/susma24.com\/en\/index.php\/wp-json\/wp\/v2\/comments?post=25"}],"version-history":[{"count":20,"href":"https:\/\/susma24.com\/en\/index.php\/wp-json\/wp\/v2\/pages\/25\/revisions"}],"predecessor-version":[{"id":549,"href":"https:\/\/susma24.com\/en\/index.php\/wp-json\/wp\/v2\/pages\/25\/revisions\/549"}],"wp:attachment":[{"href":"https:\/\/susma24.com\/en\/index.php\/wp-json\/wp\/v2\/media?parent=25"}],"curies":[{"name":"wp","href":"https:\/\/api.w.org\/{rel}","templated":true}]}}